{"id":6354,"date":"2025-06-16T11:09:46","date_gmt":"2025-06-16T09:09:46","guid":{"rendered":"https:\/\/www.pokernba.com\/?product=versatil-penny-hardaway-orlando-magic-chainstitch-swingman-jersey-cream"},"modified":"2025-06-16T11:14:01","modified_gmt":"2025-06-16T09:14:01","slug":"versatil-penny-hardaway-orlando-magic-chainstitch-swingman-jersey-cream","status":"publish","type":"product","link":"https:\/\/www.pokernba.com\/?product=versatil-penny-hardaway-orlando-magic-chainstitch-swingman-jersey-cream","title":{"rendered":"Vers\u00e1til Penny Hardaway Orlando Magic Chainstitch Swingman Jersey Cream"},"content":{"rendered":"<p>Sofisticado Penny Hardaway Orlando Magic Chainstitch Swingman Jersey Cream  para los fan\u00e1ticos<\/p>\n<p>Obt\u00e9n la camiseta de alta calidad para tus momentos deportivos. Vers\u00e1til Penny Hardaway Orlando Magic Chainstitch Swingman Jersey Cream. \u00a1No te la pierdas!<\/p>\n","protected":false},"excerpt":{"rendered":"<p>Sofisticado Penny Hardaway Orlando Magic Chainstitch Swingman Jersey Cream para los fan\u00e1ticos Obt\u00e9n la camiseta de alta calidad para tus momentos deportivos. Vers\u00e1til Penny Hardaway Orlando Magic Chainstitch Swingman Jersey Cream. \u00a1No te la pierdas!<\/p>\n","protected":false},"featured_media":6361,"comment_status":"open","ping_status":"open","template":"","meta":[],"product_brand":[],"product_cat":[121,120],"product_tag":[78],"class_list":{"0":"post-6354","1":"product","2":"type-product","3":"status-publish","4":"has-post-thumbnail","6":"product_cat-jersey-orlando-magic","7":"product_cat-orlando-magic","8":"product_tag-jersey","9":"pa_size-2xl","10":"pa_size-3xl","11":"pa_size-l","12":"pa_size-m","13":"pa_size-s","14":"pa_size-xl","16":"first","17":"instock","18":"sale","19":"purchasable","20":"product-type-variable"},"yoast_head":"<!-- This site is optimized with the Yoast SEO Premium plugin v25.3 (Yoast SEO v27.3) - https:\/\/yoast.com\/product\/yoast-seo-premium-wordpress\/ -->\n<title>Sofisticado Penny Hardaway Orlando Magic Chainstitch Swingman Jersey Cream para los fan\u00e1ticos<\/title>\n<meta name=\"description\" content=\"Obt\u00e9n la camiseta de alta calidad para tus momentos deportivos. Vers\u00e1til Penny Hardaway Orlando Magic Chainstitch Swingman Jersey Cream. \u00a1No te la pierdas!\" \/>\n<meta name=\"robots\" content=\"index, follow, max-snippet:-1, max-image-preview:large, max-video-preview:-1\" \/>\n<link rel=\"canonical\" href=\"https:\/\/www.pokernba.com\/?product=versatil-penny-hardaway-orlando-magic-chainstitch-swingman-jersey-cream\" \/>\n<meta property=\"og:locale\" content=\"es_ES\" \/>\n<meta property=\"og:type\" content=\"article\" \/>\n<meta property=\"og:title\" content=\"Sofisticado Penny Hardaway Orlando Magic Chainstitch Swingman Jersey Cream para los fan\u00e1ticos\" \/>\n<meta property=\"og:description\" content=\"Obt\u00e9n la camiseta de alta calidad para tus momentos deportivos. Vers\u00e1til Penny Hardaway Orlando Magic Chainstitch Swingman Jersey Cream. \u00a1No te la pierdas!\" \/>\n<meta property=\"og:url\" content=\"https:\/\/www.pokernba.com\/?product=versatil-penny-hardaway-orlando-magic-chainstitch-swingman-jersey-cream\" \/>\n<meta property=\"og:site_name\" content=\"camiseta barata de la NBA - Tienda online\" \/>\n<meta property=\"article:modified_time\" content=\"2025-06-16T09:14:01+00:00\" \/>\n<meta property=\"og:image\" content=\"https:\/\/www.pokernba.com\/wp-content\/uploads\/2025\/06\/Versatil-Penny-Hardaway-Orlando-Magic-Chainstitch-Swingman-Jersey-Cream.jpeg\" \/>\n\t<meta property=\"og:image:width\" content=\"600\" \/>\n\t<meta property=\"og:image:height\" content=\"600\" \/>\n\t<meta property=\"og:image:type\" content=\"image\/webp\" \/>\n<meta name=\"twitter:card\" content=\"summary_large_image\" \/>\n<meta name=\"twitter:title\" content=\"Vers\u00e1til Penny Hardaway Orlando Magic Chainstitch Swingman Jersey Cream\" \/>\n<meta name=\"twitter:description\" content=\"Obt\u00e9n la camiseta de alta calidad para tus momentos deportivos. Vers\u00e1til Penny Hardaway Orlando Magic Chainstitch Swingman Jersey Cream. \u00a1No te la pierdas!\" \/>\n<script type=\"application\/ld+json\" class=\"yoast-schema-graph\">{\"@context\":\"https:\\\/\\\/schema.org\",\"@graph\":[{\"@type\":\"WebPage\",\"@id\":\"https:\\\/\\\/www.pokernba.com\\\/?product=versatil-penny-hardaway-orlando-magic-chainstitch-swingman-jersey-cream\",\"url\":\"https:\\\/\\\/www.pokernba.com\\\/?product=versatil-penny-hardaway-orlando-magic-chainstitch-swingman-jersey-cream\",\"name\":\"Sofisticado Penny Hardaway Orlando Magic Chainstitch Swingman Jersey Cream para los fan\u00e1ticos\",\"isPartOf\":{\"@id\":\"https:\\\/\\\/www.pokernba.com\\\/#website\"},\"primaryImageOfPage\":{\"@id\":\"https:\\\/\\\/www.pokernba.com\\\/?product=versatil-penny-hardaway-orlando-magic-chainstitch-swingman-jersey-cream#primaryimage\"},\"image\":{\"@id\":\"https:\\\/\\\/www.pokernba.com\\\/?product=versatil-penny-hardaway-orlando-magic-chainstitch-swingman-jersey-cream#primaryimage\"},\"thumbnailUrl\":\"https:\\\/\\\/www.pokernba.com\\\/wp-content\\\/uploads\\\/2025\\\/06\\\/Versatil-Penny-Hardaway-Orlando-Magic-Chainstitch-Swingman-Jersey-Cream.jpeg\",\"datePublished\":\"2025-06-16T09:09:46+00:00\",\"dateModified\":\"2025-06-16T09:14:01+00:00\",\"description\":\"Obt\u00e9n la camiseta de alta calidad para tus momentos deportivos. Vers\u00e1til Penny Hardaway Orlando Magic Chainstitch Swingman Jersey Cream. \u00a1No te la pierdas!\",\"breadcrumb\":{\"@id\":\"https:\\\/\\\/www.pokernba.com\\\/?product=versatil-penny-hardaway-orlando-magic-chainstitch-swingman-jersey-cream#breadcrumb\"},\"inLanguage\":\"es\",\"potentialAction\":[{\"@type\":\"ReadAction\",\"target\":[\"https:\\\/\\\/www.pokernba.com\\\/?product=versatil-penny-hardaway-orlando-magic-chainstitch-swingman-jersey-cream\"]}]},{\"@type\":\"ImageObject\",\"inLanguage\":\"es\",\"@id\":\"https:\\\/\\\/www.pokernba.com\\\/?product=versatil-penny-hardaway-orlando-magic-chainstitch-swingman-jersey-cream#primaryimage\",\"url\":\"https:\\\/\\\/www.pokernba.com\\\/wp-content\\\/uploads\\\/2025\\\/06\\\/Versatil-Penny-Hardaway-Orlando-Magic-Chainstitch-Swingman-Jersey-Cream.jpeg\",\"contentUrl\":\"https:\\\/\\\/www.pokernba.com\\\/wp-content\\\/uploads\\\/2025\\\/06\\\/Versatil-Penny-Hardaway-Orlando-Magic-Chainstitch-Swingman-Jersey-Cream.jpeg\",\"width\":600,\"height\":600,\"caption\":\"Vers\u00e1til Penny Hardaway Orlando Magic Chainstitch Swingman Jersey Cream\"},{\"@type\":\"BreadcrumbList\",\"@id\":\"https:\\\/\\\/www.pokernba.com\\\/?product=versatil-penny-hardaway-orlando-magic-chainstitch-swingman-jersey-cream#breadcrumb\",\"itemListElement\":[{\"@type\":\"ListItem\",\"position\":1,\"name\":\"home\",\"item\":\"https:\\\/\\\/www.pokernba.com\\\/\"},{\"@type\":\"ListItem\",\"position\":2,\"name\":\"Shop\",\"item\":\"https:\\\/\\\/www.pokernba.com\\\/?page_id=10\"},{\"@type\":\"ListItem\",\"position\":3,\"name\":\"Vers\u00e1til Penny Hardaway Orlando Magic Chainstitch Swingman Jersey Cream\"}]},{\"@type\":\"WebSite\",\"@id\":\"https:\\\/\\\/www.pokernba.com\\\/#website\",\"url\":\"https:\\\/\\\/www.pokernba.com\\\/\",\"name\":\"Cheap jersey - Online Shop\",\"description\":\"camiseta barata de la NBA\",\"potentialAction\":[{\"@type\":\"SearchAction\",\"target\":{\"@type\":\"EntryPoint\",\"urlTemplate\":\"https:\\\/\\\/www.pokernba.com\\\/?s={search_term_string}\"},\"query-input\":{\"@type\":\"PropertyValueSpecification\",\"valueRequired\":true,\"valueName\":\"search_term_string\"}}],\"inLanguage\":\"es\"}]}<\/script>\n<!-- \/ Yoast SEO Premium plugin. -->","yoast_head_json":{"title":"Sofisticado Penny Hardaway Orlando Magic Chainstitch Swingman Jersey Cream para los fan\u00e1ticos","description":"Obt\u00e9n la camiseta de alta calidad para tus momentos deportivos. Vers\u00e1til Penny Hardaway Orlando Magic Chainstitch Swingman Jersey Cream. \u00a1No te la pierdas!","robots":{"index":"index","follow":"follow","max-snippet":"max-snippet:-1","max-image-preview":"max-image-preview:large","max-video-preview":"max-video-preview:-1"},"canonical":"https:\/\/www.pokernba.com\/?product=versatil-penny-hardaway-orlando-magic-chainstitch-swingman-jersey-cream","og_locale":"es_ES","og_type":"article","og_title":"Sofisticado Penny Hardaway Orlando Magic Chainstitch Swingman Jersey Cream para los fan\u00e1ticos","og_description":"Obt\u00e9n la camiseta de alta calidad para tus momentos deportivos. Vers\u00e1til Penny Hardaway Orlando Magic Chainstitch Swingman Jersey Cream. \u00a1No te la pierdas!","og_url":"https:\/\/www.pokernba.com\/?product=versatil-penny-hardaway-orlando-magic-chainstitch-swingman-jersey-cream","og_site_name":"camiseta barata de la NBA - Tienda online","article_modified_time":"2025-06-16T09:14:01+00:00","og_image":[{"width":600,"height":600,"url":"https:\/\/www.pokernba.com\/wp-content\/uploads\/2025\/06\/Versatil-Penny-Hardaway-Orlando-Magic-Chainstitch-Swingman-Jersey-Cream.jpeg","type":"image\/webp"}],"twitter_card":"summary_large_image","twitter_title":"Vers\u00e1til Penny Hardaway Orlando Magic Chainstitch Swingman Jersey Cream","twitter_description":"Obt\u00e9n la camiseta de alta calidad para tus momentos deportivos. Vers\u00e1til Penny Hardaway Orlando Magic Chainstitch Swingman Jersey Cream. \u00a1No te la pierdas!","schema":{"@context":"https:\/\/schema.org","@graph":[{"@type":"WebPage","@id":"https:\/\/www.pokernba.com\/?product=versatil-penny-hardaway-orlando-magic-chainstitch-swingman-jersey-cream","url":"https:\/\/www.pokernba.com\/?product=versatil-penny-hardaway-orlando-magic-chainstitch-swingman-jersey-cream","name":"Sofisticado Penny Hardaway Orlando Magic Chainstitch Swingman Jersey Cream para los fan\u00e1ticos","isPartOf":{"@id":"https:\/\/www.pokernba.com\/#website"},"primaryImageOfPage":{"@id":"https:\/\/www.pokernba.com\/?product=versatil-penny-hardaway-orlando-magic-chainstitch-swingman-jersey-cream#primaryimage"},"image":{"@id":"https:\/\/www.pokernba.com\/?product=versatil-penny-hardaway-orlando-magic-chainstitch-swingman-jersey-cream#primaryimage"},"thumbnailUrl":"https:\/\/www.pokernba.com\/wp-content\/uploads\/2025\/06\/Versatil-Penny-Hardaway-Orlando-Magic-Chainstitch-Swingman-Jersey-Cream.jpeg","datePublished":"2025-06-16T09:09:46+00:00","dateModified":"2025-06-16T09:14:01+00:00","description":"Obt\u00e9n la camiseta de alta calidad para tus momentos deportivos. Vers\u00e1til Penny Hardaway Orlando Magic Chainstitch Swingman Jersey Cream. \u00a1No te la pierdas!","breadcrumb":{"@id":"https:\/\/www.pokernba.com\/?product=versatil-penny-hardaway-orlando-magic-chainstitch-swingman-jersey-cream#breadcrumb"},"inLanguage":"es","potentialAction":[{"@type":"ReadAction","target":["https:\/\/www.pokernba.com\/?product=versatil-penny-hardaway-orlando-magic-chainstitch-swingman-jersey-cream"]}]},{"@type":"ImageObject","inLanguage":"es","@id":"https:\/\/www.pokernba.com\/?product=versatil-penny-hardaway-orlando-magic-chainstitch-swingman-jersey-cream#primaryimage","url":"https:\/\/www.pokernba.com\/wp-content\/uploads\/2025\/06\/Versatil-Penny-Hardaway-Orlando-Magic-Chainstitch-Swingman-Jersey-Cream.jpeg","contentUrl":"https:\/\/www.pokernba.com\/wp-content\/uploads\/2025\/06\/Versatil-Penny-Hardaway-Orlando-Magic-Chainstitch-Swingman-Jersey-Cream.jpeg","width":600,"height":600,"caption":"Vers\u00e1til Penny Hardaway Orlando Magic Chainstitch Swingman Jersey Cream"},{"@type":"BreadcrumbList","@id":"https:\/\/www.pokernba.com\/?product=versatil-penny-hardaway-orlando-magic-chainstitch-swingman-jersey-cream#breadcrumb","itemListElement":[{"@type":"ListItem","position":1,"name":"home","item":"https:\/\/www.pokernba.com\/"},{"@type":"ListItem","position":2,"name":"Shop","item":"https:\/\/www.pokernba.com\/?page_id=10"},{"@type":"ListItem","position":3,"name":"Vers\u00e1til Penny Hardaway Orlando Magic Chainstitch Swingman Jersey Cream"}]},{"@type":"WebSite","@id":"https:\/\/www.pokernba.com\/#website","url":"https:\/\/www.pokernba.com\/","name":"Cheap jersey - Online Shop","description":"camiseta barata de la NBA","potentialAction":[{"@type":"SearchAction","target":{"@type":"EntryPoint","urlTemplate":"https:\/\/www.pokernba.com\/?s={search_term_string}"},"query-input":{"@type":"PropertyValueSpecification","valueRequired":true,"valueName":"search_term_string"}}],"inLanguage":"es"}]}},"_links":{"self":[{"href":"https:\/\/www.pokernba.com\/index.php?rest_route=\/wp\/v2\/product\/6354","targetHints":{"allow":["GET"]}}],"collection":[{"href":"https:\/\/www.pokernba.com\/index.php?rest_route=\/wp\/v2\/product"}],"about":[{"href":"https:\/\/www.pokernba.com\/index.php?rest_route=\/wp\/v2\/types\/product"}],"replies":[{"embeddable":true,"href":"https:\/\/www.pokernba.com\/index.php?rest_route=%2Fwp%2Fv2%2Fcomments&post=6354"}],"wp:featuredmedia":[{"embeddable":true,"href":"https:\/\/www.pokernba.com\/index.php?rest_route=\/wp\/v2\/media\/6361"}],"wp:attachment":[{"href":"https:\/\/www.pokernba.com\/index.php?rest_route=%2Fwp%2Fv2%2Fmedia&parent=6354"}],"wp:term":[{"taxonomy":"product_brand","embeddable":true,"href":"https:\/\/www.pokernba.com\/index.php?rest_route=%2Fwp%2Fv2%2Fproduct_brand&post=6354"},{"taxonomy":"product_cat","embeddable":true,"href":"https:\/\/www.pokernba.com\/index.php?rest_route=%2Fwp%2Fv2%2Fproduct_cat&post=6354"},{"taxonomy":"product_tag","embeddable":true,"href":"https:\/\/www.pokernba.com\/index.php?rest_route=%2Fwp%2Fv2%2Fproduct_tag&post=6354"}],"curies":[{"name":"wp","href":"https:\/\/api.w.org\/{rel}","templated":true}]}}