{"id":7670,"date":"2025-06-16T11:50:51","date_gmt":"2025-06-16T09:50:51","guid":{"rendered":"https:\/\/www.pokernba.com\/?product=moderno-chicago-bulls-nike-authentic-custom-jersey-red-icon-edition"},"modified":"2025-06-16T11:54:59","modified_gmt":"2025-06-16T09:54:59","slug":"moderno-chicago-bulls-nike-authentic-custom-jersey-red-icon-edition","status":"publish","type":"product","link":"https:\/\/www.pokernba.com\/?product=moderno-chicago-bulls-nike-authentic-custom-jersey-red-icon-edition","title":{"rendered":"Moderno Chicago Bulls Nike Authentic Custom Jersey Red Icon Edition"},"content":{"rendered":"<p>Encantador Chicago Bulls Nike Authentic Custom Jersey Red Icon Edition  para los fan\u00e1ticos<\/p>\n<p>Sum\u00e9rgete en la emoci\u00f3n con esta camiseta. Moderno Chicago Bulls Nike Authentic Custom Jersey Red Icon Edition. \u00a1No te la pierdas!<\/p>\n","protected":false},"excerpt":{"rendered":"<p>Encantador Chicago Bulls Nike Authentic Custom Jersey Red Icon Edition para los fan\u00e1ticos Sum\u00e9rgete en la emoci\u00f3n con esta camiseta. Moderno Chicago Bulls Nike Authentic Custom Jersey Red Icon Edition. \u00a1No te la pierdas!<\/p>\n","protected":false},"featured_media":7677,"comment_status":"open","ping_status":"open","template":"","meta":[],"product_brand":[],"product_cat":[157,158],"product_tag":[78],"class_list":{"0":"post-7670","1":"product","2":"type-product","3":"status-publish","4":"has-post-thumbnail","6":"product_cat-chicago-bulls","7":"product_cat-jersey-chicago-bulls","8":"product_tag-jersey","9":"pa_size-2xl","10":"pa_size-3xl","11":"pa_size-l","12":"pa_size-m","13":"pa_size-s","14":"pa_size-xl","16":"first","17":"instock","18":"sale","19":"purchasable","20":"product-type-variable"},"yoast_head":"<!-- This site is optimized with the Yoast SEO Premium plugin v25.3 (Yoast SEO v27.3) - https:\/\/yoast.com\/product\/yoast-seo-premium-wordpress\/ -->\n<title>Encantador Chicago Bulls Nike Authentic Custom Jersey Red Icon Edition para los fan\u00e1ticos<\/title>\n<meta name=\"description\" content=\"Sum\u00e9rgete en la emoci\u00f3n con esta camiseta. Moderno Chicago Bulls Nike Authentic Custom Jersey Red Icon Edition. \u00a1No te la pierdas!\" \/>\n<meta name=\"robots\" content=\"index, follow, max-snippet:-1, max-image-preview:large, max-video-preview:-1\" \/>\n<link rel=\"canonical\" href=\"https:\/\/www.pokernba.com\/?product=moderno-chicago-bulls-nike-authentic-custom-jersey-red-icon-edition\" \/>\n<meta property=\"og:locale\" content=\"es_ES\" \/>\n<meta property=\"og:type\" content=\"article\" \/>\n<meta property=\"og:title\" content=\"Encantador Chicago Bulls Nike Authentic Custom Jersey Red Icon Edition para los fan\u00e1ticos\" \/>\n<meta property=\"og:description\" content=\"Sum\u00e9rgete en la emoci\u00f3n con esta camiseta. Moderno Chicago Bulls Nike Authentic Custom Jersey Red Icon Edition. \u00a1No te la pierdas!\" \/>\n<meta property=\"og:url\" content=\"https:\/\/www.pokernba.com\/?product=moderno-chicago-bulls-nike-authentic-custom-jersey-red-icon-edition\" \/>\n<meta property=\"og:site_name\" content=\"camiseta barata de la NBA - Tienda online\" \/>\n<meta property=\"article:modified_time\" content=\"2025-06-16T09:54:59+00:00\" \/>\n<meta property=\"og:image\" content=\"https:\/\/www.pokernba.com\/wp-content\/uploads\/2025\/06\/Moderno-Chicago-Bulls-Nike-Authentic-Custom-Jersey-Red-Icon-Edition.jpeg\" \/>\n\t<meta property=\"og:image:width\" content=\"600\" \/>\n\t<meta property=\"og:image:height\" content=\"600\" \/>\n\t<meta property=\"og:image:type\" content=\"image\/webp\" \/>\n<meta name=\"twitter:card\" content=\"summary_large_image\" \/>\n<meta name=\"twitter:title\" content=\"Moderno Chicago Bulls Nike Authentic Custom Jersey Red Icon Edition\" \/>\n<meta name=\"twitter:description\" content=\"Sum\u00e9rgete en la emoci\u00f3n con esta camiseta. Moderno Chicago Bulls Nike Authentic Custom Jersey Red Icon Edition. \u00a1No te la pierdas!\" \/>\n<script type=\"application\/ld+json\" class=\"yoast-schema-graph\">{\"@context\":\"https:\\\/\\\/schema.org\",\"@graph\":[{\"@type\":\"WebPage\",\"@id\":\"https:\\\/\\\/www.pokernba.com\\\/?product=moderno-chicago-bulls-nike-authentic-custom-jersey-red-icon-edition\",\"url\":\"https:\\\/\\\/www.pokernba.com\\\/?product=moderno-chicago-bulls-nike-authentic-custom-jersey-red-icon-edition\",\"name\":\"Encantador Chicago Bulls Nike Authentic Custom Jersey Red Icon Edition para los fan\u00e1ticos\",\"isPartOf\":{\"@id\":\"https:\\\/\\\/www.pokernba.com\\\/#website\"},\"primaryImageOfPage\":{\"@id\":\"https:\\\/\\\/www.pokernba.com\\\/?product=moderno-chicago-bulls-nike-authentic-custom-jersey-red-icon-edition#primaryimage\"},\"image\":{\"@id\":\"https:\\\/\\\/www.pokernba.com\\\/?product=moderno-chicago-bulls-nike-authentic-custom-jersey-red-icon-edition#primaryimage\"},\"thumbnailUrl\":\"https:\\\/\\\/www.pokernba.com\\\/wp-content\\\/uploads\\\/2025\\\/06\\\/Moderno-Chicago-Bulls-Nike-Authentic-Custom-Jersey-Red-Icon-Edition.jpeg\",\"datePublished\":\"2025-06-16T09:50:51+00:00\",\"dateModified\":\"2025-06-16T09:54:59+00:00\",\"description\":\"Sum\u00e9rgete en la emoci\u00f3n con esta camiseta. Moderno Chicago Bulls Nike Authentic Custom Jersey Red Icon Edition. \u00a1No te la pierdas!\",\"breadcrumb\":{\"@id\":\"https:\\\/\\\/www.pokernba.com\\\/?product=moderno-chicago-bulls-nike-authentic-custom-jersey-red-icon-edition#breadcrumb\"},\"inLanguage\":\"es\",\"potentialAction\":[{\"@type\":\"ReadAction\",\"target\":[\"https:\\\/\\\/www.pokernba.com\\\/?product=moderno-chicago-bulls-nike-authentic-custom-jersey-red-icon-edition\"]}]},{\"@type\":\"ImageObject\",\"inLanguage\":\"es\",\"@id\":\"https:\\\/\\\/www.pokernba.com\\\/?product=moderno-chicago-bulls-nike-authentic-custom-jersey-red-icon-edition#primaryimage\",\"url\":\"https:\\\/\\\/www.pokernba.com\\\/wp-content\\\/uploads\\\/2025\\\/06\\\/Moderno-Chicago-Bulls-Nike-Authentic-Custom-Jersey-Red-Icon-Edition.jpeg\",\"contentUrl\":\"https:\\\/\\\/www.pokernba.com\\\/wp-content\\\/uploads\\\/2025\\\/06\\\/Moderno-Chicago-Bulls-Nike-Authentic-Custom-Jersey-Red-Icon-Edition.jpeg\",\"width\":600,\"height\":600,\"caption\":\"Moderno Chicago Bulls Nike Authentic Custom Jersey Red Icon Edition\"},{\"@type\":\"BreadcrumbList\",\"@id\":\"https:\\\/\\\/www.pokernba.com\\\/?product=moderno-chicago-bulls-nike-authentic-custom-jersey-red-icon-edition#breadcrumb\",\"itemListElement\":[{\"@type\":\"ListItem\",\"position\":1,\"name\":\"home\",\"item\":\"https:\\\/\\\/www.pokernba.com\\\/\"},{\"@type\":\"ListItem\",\"position\":2,\"name\":\"Shop\",\"item\":\"https:\\\/\\\/www.pokernba.com\\\/?page_id=10\"},{\"@type\":\"ListItem\",\"position\":3,\"name\":\"Moderno Chicago Bulls Nike Authentic Custom Jersey Red Icon Edition\"}]},{\"@type\":\"WebSite\",\"@id\":\"https:\\\/\\\/www.pokernba.com\\\/#website\",\"url\":\"https:\\\/\\\/www.pokernba.com\\\/\",\"name\":\"Cheap jersey - Online Shop\",\"description\":\"camiseta barata de la NBA\",\"potentialAction\":[{\"@type\":\"SearchAction\",\"target\":{\"@type\":\"EntryPoint\",\"urlTemplate\":\"https:\\\/\\\/www.pokernba.com\\\/?s={search_term_string}\"},\"query-input\":{\"@type\":\"PropertyValueSpecification\",\"valueRequired\":true,\"valueName\":\"search_term_string\"}}],\"inLanguage\":\"es\"}]}<\/script>\n<!-- \/ Yoast SEO Premium plugin. -->","yoast_head_json":{"title":"Encantador Chicago Bulls Nike Authentic Custom Jersey Red Icon Edition para los fan\u00e1ticos","description":"Sum\u00e9rgete en la emoci\u00f3n con esta camiseta. Moderno Chicago Bulls Nike Authentic Custom Jersey Red Icon Edition. \u00a1No te la pierdas!","robots":{"index":"index","follow":"follow","max-snippet":"max-snippet:-1","max-image-preview":"max-image-preview:large","max-video-preview":"max-video-preview:-1"},"canonical":"https:\/\/www.pokernba.com\/?product=moderno-chicago-bulls-nike-authentic-custom-jersey-red-icon-edition","og_locale":"es_ES","og_type":"article","og_title":"Encantador Chicago Bulls Nike Authentic Custom Jersey Red Icon Edition para los fan\u00e1ticos","og_description":"Sum\u00e9rgete en la emoci\u00f3n con esta camiseta. Moderno Chicago Bulls Nike Authentic Custom Jersey Red Icon Edition. \u00a1No te la pierdas!","og_url":"https:\/\/www.pokernba.com\/?product=moderno-chicago-bulls-nike-authentic-custom-jersey-red-icon-edition","og_site_name":"camiseta barata de la NBA - Tienda online","article_modified_time":"2025-06-16T09:54:59+00:00","og_image":[{"width":600,"height":600,"url":"https:\/\/www.pokernba.com\/wp-content\/uploads\/2025\/06\/Moderno-Chicago-Bulls-Nike-Authentic-Custom-Jersey-Red-Icon-Edition.jpeg","type":"image\/webp"}],"twitter_card":"summary_large_image","twitter_title":"Moderno Chicago Bulls Nike Authentic Custom Jersey Red Icon Edition","twitter_description":"Sum\u00e9rgete en la emoci\u00f3n con esta camiseta. Moderno Chicago Bulls Nike Authentic Custom Jersey Red Icon Edition. \u00a1No te la pierdas!","schema":{"@context":"https:\/\/schema.org","@graph":[{"@type":"WebPage","@id":"https:\/\/www.pokernba.com\/?product=moderno-chicago-bulls-nike-authentic-custom-jersey-red-icon-edition","url":"https:\/\/www.pokernba.com\/?product=moderno-chicago-bulls-nike-authentic-custom-jersey-red-icon-edition","name":"Encantador Chicago Bulls Nike Authentic Custom Jersey Red Icon Edition para los fan\u00e1ticos","isPartOf":{"@id":"https:\/\/www.pokernba.com\/#website"},"primaryImageOfPage":{"@id":"https:\/\/www.pokernba.com\/?product=moderno-chicago-bulls-nike-authentic-custom-jersey-red-icon-edition#primaryimage"},"image":{"@id":"https:\/\/www.pokernba.com\/?product=moderno-chicago-bulls-nike-authentic-custom-jersey-red-icon-edition#primaryimage"},"thumbnailUrl":"https:\/\/www.pokernba.com\/wp-content\/uploads\/2025\/06\/Moderno-Chicago-Bulls-Nike-Authentic-Custom-Jersey-Red-Icon-Edition.jpeg","datePublished":"2025-06-16T09:50:51+00:00","dateModified":"2025-06-16T09:54:59+00:00","description":"Sum\u00e9rgete en la emoci\u00f3n con esta camiseta. Moderno Chicago Bulls Nike Authentic Custom Jersey Red Icon Edition. \u00a1No te la pierdas!","breadcrumb":{"@id":"https:\/\/www.pokernba.com\/?product=moderno-chicago-bulls-nike-authentic-custom-jersey-red-icon-edition#breadcrumb"},"inLanguage":"es","potentialAction":[{"@type":"ReadAction","target":["https:\/\/www.pokernba.com\/?product=moderno-chicago-bulls-nike-authentic-custom-jersey-red-icon-edition"]}]},{"@type":"ImageObject","inLanguage":"es","@id":"https:\/\/www.pokernba.com\/?product=moderno-chicago-bulls-nike-authentic-custom-jersey-red-icon-edition#primaryimage","url":"https:\/\/www.pokernba.com\/wp-content\/uploads\/2025\/06\/Moderno-Chicago-Bulls-Nike-Authentic-Custom-Jersey-Red-Icon-Edition.jpeg","contentUrl":"https:\/\/www.pokernba.com\/wp-content\/uploads\/2025\/06\/Moderno-Chicago-Bulls-Nike-Authentic-Custom-Jersey-Red-Icon-Edition.jpeg","width":600,"height":600,"caption":"Moderno Chicago Bulls Nike Authentic Custom Jersey Red Icon Edition"},{"@type":"BreadcrumbList","@id":"https:\/\/www.pokernba.com\/?product=moderno-chicago-bulls-nike-authentic-custom-jersey-red-icon-edition#breadcrumb","itemListElement":[{"@type":"ListItem","position":1,"name":"home","item":"https:\/\/www.pokernba.com\/"},{"@type":"ListItem","position":2,"name":"Shop","item":"https:\/\/www.pokernba.com\/?page_id=10"},{"@type":"ListItem","position":3,"name":"Moderno Chicago Bulls Nike Authentic Custom Jersey Red Icon Edition"}]},{"@type":"WebSite","@id":"https:\/\/www.pokernba.com\/#website","url":"https:\/\/www.pokernba.com\/","name":"Cheap jersey - Online Shop","description":"camiseta barata de la NBA","potentialAction":[{"@type":"SearchAction","target":{"@type":"EntryPoint","urlTemplate":"https:\/\/www.pokernba.com\/?s={search_term_string}"},"query-input":{"@type":"PropertyValueSpecification","valueRequired":true,"valueName":"search_term_string"}}],"inLanguage":"es"}]}},"_links":{"self":[{"href":"https:\/\/www.pokernba.com\/index.php?rest_route=\/wp\/v2\/product\/7670","targetHints":{"allow":["GET"]}}],"collection":[{"href":"https:\/\/www.pokernba.com\/index.php?rest_route=\/wp\/v2\/product"}],"about":[{"href":"https:\/\/www.pokernba.com\/index.php?rest_route=\/wp\/v2\/types\/product"}],"replies":[{"embeddable":true,"href":"https:\/\/www.pokernba.com\/index.php?rest_route=%2Fwp%2Fv2%2Fcomments&post=7670"}],"wp:featuredmedia":[{"embeddable":true,"href":"https:\/\/www.pokernba.com\/index.php?rest_route=\/wp\/v2\/media\/7677"}],"wp:attachment":[{"href":"https:\/\/www.pokernba.com\/index.php?rest_route=%2Fwp%2Fv2%2Fmedia&parent=7670"}],"wp:term":[{"taxonomy":"product_brand","embeddable":true,"href":"https:\/\/www.pokernba.com\/index.php?rest_route=%2Fwp%2Fv2%2Fproduct_brand&post=7670"},{"taxonomy":"product_cat","embeddable":true,"href":"https:\/\/www.pokernba.com\/index.php?rest_route=%2Fwp%2Fv2%2Fproduct_cat&post=7670"},{"taxonomy":"product_tag","embeddable":true,"href":"https:\/\/www.pokernba.com\/index.php?rest_route=%2Fwp%2Fv2%2Fproduct_tag&post=7670"}],"curies":[{"name":"wp","href":"https:\/\/api.w.org\/{rel}","templated":true}]}}