{"id":9548,"date":"2025-06-16T12:51:41","date_gmt":"2025-06-16T10:51:41","guid":{"rendered":"https:\/\/www.pokernba.com\/?product=magnifico-ray-allen-milwaukee-bucks-chainstitch-swingman-jersey-cream"},"modified":"2025-06-16T12:56:22","modified_gmt":"2025-06-16T10:56:22","slug":"magnifico-ray-allen-milwaukee-bucks-chainstitch-swingman-jersey-cream","status":"publish","type":"product","link":"https:\/\/www.pokernba.com\/?product=magnifico-ray-allen-milwaukee-bucks-chainstitch-swingman-jersey-cream","title":{"rendered":"Magn\u00edfico Ray Allen Milwaukee Bucks Chainstitch Swingman Jersey Cream"},"content":{"rendered":"<p>Estupendo Maravilloso Pr\u00e1ctico Ray Allen Milwaukee Bucks Chainstitch Swingman Jersey Cream  para los fan\u00e1ticos<\/p>\n<p>Sum\u00e9rgete en la emoci\u00f3n con esta camiseta. Magn\u00edfico Ray Allen Milwaukee Bucks Chainstitch Swingman Jersey Cream. \u00a1No te la pierdas!<\/p>\n","protected":false},"excerpt":{"rendered":"<p>Estupendo Maravilloso Pr\u00e1ctico Ray Allen Milwaukee Bucks Chainstitch Swingman Jersey Cream para los fan\u00e1ticos Sum\u00e9rgete en la emoci\u00f3n con esta camiseta. Magn\u00edfico Ray Allen Milwaukee Bucks Chainstitch Swingman Jersey Cream. \u00a1No te la pierdas!<\/p>\n","protected":false},"featured_media":9555,"comment_status":"open","ping_status":"open","template":"","meta":[],"product_brand":[],"product_cat":[161,160],"product_tag":[78],"class_list":{"0":"post-9548","1":"product","2":"type-product","3":"status-publish","4":"has-post-thumbnail","6":"product_cat-jersey-milwaukee-bucks","7":"product_cat-milwaukee-bucks","8":"product_tag-jersey","9":"pa_size-2xl","10":"pa_size-3xl","11":"pa_size-l","12":"pa_size-m","13":"pa_size-s","14":"pa_size-xl","16":"first","17":"instock","18":"sale","19":"purchasable","20":"product-type-variable"},"yoast_head":"<!-- This site is optimized with the Yoast SEO Premium plugin v25.3 (Yoast SEO v27.4) - https:\/\/yoast.com\/product\/yoast-seo-premium-wordpress\/ -->\n<title>Estupendo Maravilloso Pr\u00e1ctico Ray Allen Milwaukee Bucks Chainstitch Swingman Jersey Cream para los fan\u00e1ticos<\/title>\n<meta name=\"description\" content=\"Sum\u00e9rgete en la emoci\u00f3n con esta camiseta. Magn\u00edfico Ray Allen Milwaukee Bucks Chainstitch Swingman Jersey Cream. \u00a1No te la pierdas!\" \/>\n<meta name=\"robots\" content=\"index, follow, max-snippet:-1, max-image-preview:large, max-video-preview:-1\" \/>\n<link rel=\"canonical\" href=\"https:\/\/www.pokernba.com\/?product=magnifico-ray-allen-milwaukee-bucks-chainstitch-swingman-jersey-cream\" \/>\n<meta property=\"og:locale\" content=\"es_ES\" \/>\n<meta property=\"og:type\" content=\"article\" \/>\n<meta property=\"og:title\" content=\"Estupendo Maravilloso Pr\u00e1ctico Ray Allen Milwaukee Bucks Chainstitch Swingman Jersey Cream para los fan\u00e1ticos\" \/>\n<meta property=\"og:description\" content=\"Sum\u00e9rgete en la emoci\u00f3n con esta camiseta. Magn\u00edfico Ray Allen Milwaukee Bucks Chainstitch Swingman Jersey Cream. \u00a1No te la pierdas!\" \/>\n<meta property=\"og:url\" content=\"https:\/\/www.pokernba.com\/?product=magnifico-ray-allen-milwaukee-bucks-chainstitch-swingman-jersey-cream\" \/>\n<meta property=\"og:site_name\" content=\"camiseta barata de la NBA - Tienda online\" \/>\n<meta property=\"article:modified_time\" content=\"2025-06-16T10:56:22+00:00\" \/>\n<meta property=\"og:image\" content=\"https:\/\/www.pokernba.com\/wp-content\/uploads\/2025\/06\/Magnifico-Ray-Allen-Milwaukee-Bucks-Chainstitch-Swingman-Jersey-Cream.jpeg\" \/>\n\t<meta property=\"og:image:width\" content=\"600\" \/>\n\t<meta property=\"og:image:height\" content=\"600\" \/>\n\t<meta property=\"og:image:type\" content=\"image\/webp\" \/>\n<meta name=\"twitter:card\" content=\"summary_large_image\" \/>\n<meta name=\"twitter:title\" content=\"Magn\u00edfico Ray Allen Milwaukee Bucks Chainstitch Swingman Jersey Cream\" \/>\n<meta name=\"twitter:description\" content=\"Sum\u00e9rgete en la emoci\u00f3n con esta camiseta. Magn\u00edfico Ray Allen Milwaukee Bucks Chainstitch Swingman Jersey Cream. \u00a1No te la pierdas!\" \/>\n<script type=\"application\/ld+json\" class=\"yoast-schema-graph\">{\"@context\":\"https:\\\/\\\/schema.org\",\"@graph\":[{\"@type\":\"WebPage\",\"@id\":\"https:\\\/\\\/www.pokernba.com\\\/?product=magnifico-ray-allen-milwaukee-bucks-chainstitch-swingman-jersey-cream\",\"url\":\"https:\\\/\\\/www.pokernba.com\\\/?product=magnifico-ray-allen-milwaukee-bucks-chainstitch-swingman-jersey-cream\",\"name\":\"Estupendo Maravilloso Pr\u00e1ctico Ray Allen Milwaukee Bucks Chainstitch Swingman Jersey Cream para los fan\u00e1ticos\",\"isPartOf\":{\"@id\":\"https:\\\/\\\/www.pokernba.com\\\/#website\"},\"primaryImageOfPage\":{\"@id\":\"https:\\\/\\\/www.pokernba.com\\\/?product=magnifico-ray-allen-milwaukee-bucks-chainstitch-swingman-jersey-cream#primaryimage\"},\"image\":{\"@id\":\"https:\\\/\\\/www.pokernba.com\\\/?product=magnifico-ray-allen-milwaukee-bucks-chainstitch-swingman-jersey-cream#primaryimage\"},\"thumbnailUrl\":\"https:\\\/\\\/www.pokernba.com\\\/wp-content\\\/uploads\\\/2025\\\/06\\\/Magnifico-Ray-Allen-Milwaukee-Bucks-Chainstitch-Swingman-Jersey-Cream.jpeg\",\"datePublished\":\"2025-06-16T10:51:41+00:00\",\"dateModified\":\"2025-06-16T10:56:22+00:00\",\"description\":\"Sum\u00e9rgete en la emoci\u00f3n con esta camiseta. Magn\u00edfico Ray Allen Milwaukee Bucks Chainstitch Swingman Jersey Cream. \u00a1No te la pierdas!\",\"breadcrumb\":{\"@id\":\"https:\\\/\\\/www.pokernba.com\\\/?product=magnifico-ray-allen-milwaukee-bucks-chainstitch-swingman-jersey-cream#breadcrumb\"},\"inLanguage\":\"es\",\"potentialAction\":[{\"@type\":\"ReadAction\",\"target\":[\"https:\\\/\\\/www.pokernba.com\\\/?product=magnifico-ray-allen-milwaukee-bucks-chainstitch-swingman-jersey-cream\"]}]},{\"@type\":\"ImageObject\",\"inLanguage\":\"es\",\"@id\":\"https:\\\/\\\/www.pokernba.com\\\/?product=magnifico-ray-allen-milwaukee-bucks-chainstitch-swingman-jersey-cream#primaryimage\",\"url\":\"https:\\\/\\\/www.pokernba.com\\\/wp-content\\\/uploads\\\/2025\\\/06\\\/Magnifico-Ray-Allen-Milwaukee-Bucks-Chainstitch-Swingman-Jersey-Cream.jpeg\",\"contentUrl\":\"https:\\\/\\\/www.pokernba.com\\\/wp-content\\\/uploads\\\/2025\\\/06\\\/Magnifico-Ray-Allen-Milwaukee-Bucks-Chainstitch-Swingman-Jersey-Cream.jpeg\",\"width\":600,\"height\":600,\"caption\":\"Magn\u00edfico Ray Allen Milwaukee Bucks Chainstitch Swingman Jersey Cream\"},{\"@type\":\"BreadcrumbList\",\"@id\":\"https:\\\/\\\/www.pokernba.com\\\/?product=magnifico-ray-allen-milwaukee-bucks-chainstitch-swingman-jersey-cream#breadcrumb\",\"itemListElement\":[{\"@type\":\"ListItem\",\"position\":1,\"name\":\"home\",\"item\":\"https:\\\/\\\/www.pokernba.com\\\/\"},{\"@type\":\"ListItem\",\"position\":2,\"name\":\"Shop\",\"item\":\"https:\\\/\\\/www.pokernba.com\\\/?page_id=10\"},{\"@type\":\"ListItem\",\"position\":3,\"name\":\"Magn\u00edfico Ray Allen Milwaukee Bucks Chainstitch Swingman Jersey Cream\"}]},{\"@type\":\"WebSite\",\"@id\":\"https:\\\/\\\/www.pokernba.com\\\/#website\",\"url\":\"https:\\\/\\\/www.pokernba.com\\\/\",\"name\":\"Cheap jersey - Online Shop\",\"description\":\"camiseta barata de la NBA\",\"potentialAction\":[{\"@type\":\"SearchAction\",\"target\":{\"@type\":\"EntryPoint\",\"urlTemplate\":\"https:\\\/\\\/www.pokernba.com\\\/?s={search_term_string}\"},\"query-input\":{\"@type\":\"PropertyValueSpecification\",\"valueRequired\":true,\"valueName\":\"search_term_string\"}}],\"inLanguage\":\"es\"}]}<\/script>\n<!-- \/ Yoast SEO Premium plugin. -->","yoast_head_json":{"title":"Estupendo Maravilloso Pr\u00e1ctico Ray Allen Milwaukee Bucks Chainstitch Swingman Jersey Cream para los fan\u00e1ticos","description":"Sum\u00e9rgete en la emoci\u00f3n con esta camiseta. Magn\u00edfico Ray Allen Milwaukee Bucks Chainstitch Swingman Jersey Cream. \u00a1No te la pierdas!","robots":{"index":"index","follow":"follow","max-snippet":"max-snippet:-1","max-image-preview":"max-image-preview:large","max-video-preview":"max-video-preview:-1"},"canonical":"https:\/\/www.pokernba.com\/?product=magnifico-ray-allen-milwaukee-bucks-chainstitch-swingman-jersey-cream","og_locale":"es_ES","og_type":"article","og_title":"Estupendo Maravilloso Pr\u00e1ctico Ray Allen Milwaukee Bucks Chainstitch Swingman Jersey Cream para los fan\u00e1ticos","og_description":"Sum\u00e9rgete en la emoci\u00f3n con esta camiseta. Magn\u00edfico Ray Allen Milwaukee Bucks Chainstitch Swingman Jersey Cream. \u00a1No te la pierdas!","og_url":"https:\/\/www.pokernba.com\/?product=magnifico-ray-allen-milwaukee-bucks-chainstitch-swingman-jersey-cream","og_site_name":"camiseta barata de la NBA - Tienda online","article_modified_time":"2025-06-16T10:56:22+00:00","og_image":[{"width":600,"height":600,"url":"https:\/\/www.pokernba.com\/wp-content\/uploads\/2025\/06\/Magnifico-Ray-Allen-Milwaukee-Bucks-Chainstitch-Swingman-Jersey-Cream.jpeg","type":"image\/webp"}],"twitter_card":"summary_large_image","twitter_title":"Magn\u00edfico Ray Allen Milwaukee Bucks Chainstitch Swingman Jersey Cream","twitter_description":"Sum\u00e9rgete en la emoci\u00f3n con esta camiseta. Magn\u00edfico Ray Allen Milwaukee Bucks Chainstitch Swingman Jersey Cream. \u00a1No te la pierdas!","schema":{"@context":"https:\/\/schema.org","@graph":[{"@type":"WebPage","@id":"https:\/\/www.pokernba.com\/?product=magnifico-ray-allen-milwaukee-bucks-chainstitch-swingman-jersey-cream","url":"https:\/\/www.pokernba.com\/?product=magnifico-ray-allen-milwaukee-bucks-chainstitch-swingman-jersey-cream","name":"Estupendo Maravilloso Pr\u00e1ctico Ray Allen Milwaukee Bucks Chainstitch Swingman Jersey Cream para los fan\u00e1ticos","isPartOf":{"@id":"https:\/\/www.pokernba.com\/#website"},"primaryImageOfPage":{"@id":"https:\/\/www.pokernba.com\/?product=magnifico-ray-allen-milwaukee-bucks-chainstitch-swingman-jersey-cream#primaryimage"},"image":{"@id":"https:\/\/www.pokernba.com\/?product=magnifico-ray-allen-milwaukee-bucks-chainstitch-swingman-jersey-cream#primaryimage"},"thumbnailUrl":"https:\/\/www.pokernba.com\/wp-content\/uploads\/2025\/06\/Magnifico-Ray-Allen-Milwaukee-Bucks-Chainstitch-Swingman-Jersey-Cream.jpeg","datePublished":"2025-06-16T10:51:41+00:00","dateModified":"2025-06-16T10:56:22+00:00","description":"Sum\u00e9rgete en la emoci\u00f3n con esta camiseta. Magn\u00edfico Ray Allen Milwaukee Bucks Chainstitch Swingman Jersey Cream. \u00a1No te la pierdas!","breadcrumb":{"@id":"https:\/\/www.pokernba.com\/?product=magnifico-ray-allen-milwaukee-bucks-chainstitch-swingman-jersey-cream#breadcrumb"},"inLanguage":"es","potentialAction":[{"@type":"ReadAction","target":["https:\/\/www.pokernba.com\/?product=magnifico-ray-allen-milwaukee-bucks-chainstitch-swingman-jersey-cream"]}]},{"@type":"ImageObject","inLanguage":"es","@id":"https:\/\/www.pokernba.com\/?product=magnifico-ray-allen-milwaukee-bucks-chainstitch-swingman-jersey-cream#primaryimage","url":"https:\/\/www.pokernba.com\/wp-content\/uploads\/2025\/06\/Magnifico-Ray-Allen-Milwaukee-Bucks-Chainstitch-Swingman-Jersey-Cream.jpeg","contentUrl":"https:\/\/www.pokernba.com\/wp-content\/uploads\/2025\/06\/Magnifico-Ray-Allen-Milwaukee-Bucks-Chainstitch-Swingman-Jersey-Cream.jpeg","width":600,"height":600,"caption":"Magn\u00edfico Ray Allen Milwaukee Bucks Chainstitch Swingman Jersey Cream"},{"@type":"BreadcrumbList","@id":"https:\/\/www.pokernba.com\/?product=magnifico-ray-allen-milwaukee-bucks-chainstitch-swingman-jersey-cream#breadcrumb","itemListElement":[{"@type":"ListItem","position":1,"name":"home","item":"https:\/\/www.pokernba.com\/"},{"@type":"ListItem","position":2,"name":"Shop","item":"https:\/\/www.pokernba.com\/?page_id=10"},{"@type":"ListItem","position":3,"name":"Magn\u00edfico Ray Allen Milwaukee Bucks Chainstitch Swingman Jersey Cream"}]},{"@type":"WebSite","@id":"https:\/\/www.pokernba.com\/#website","url":"https:\/\/www.pokernba.com\/","name":"Cheap jersey - Online Shop","description":"camiseta barata de la NBA","potentialAction":[{"@type":"SearchAction","target":{"@type":"EntryPoint","urlTemplate":"https:\/\/www.pokernba.com\/?s={search_term_string}"},"query-input":{"@type":"PropertyValueSpecification","valueRequired":true,"valueName":"search_term_string"}}],"inLanguage":"es"}]}},"_links":{"self":[{"href":"https:\/\/www.pokernba.com\/index.php?rest_route=\/wp\/v2\/product\/9548","targetHints":{"allow":["GET"]}}],"collection":[{"href":"https:\/\/www.pokernba.com\/index.php?rest_route=\/wp\/v2\/product"}],"about":[{"href":"https:\/\/www.pokernba.com\/index.php?rest_route=\/wp\/v2\/types\/product"}],"replies":[{"embeddable":true,"href":"https:\/\/www.pokernba.com\/index.php?rest_route=%2Fwp%2Fv2%2Fcomments&post=9548"}],"wp:featuredmedia":[{"embeddable":true,"href":"https:\/\/www.pokernba.com\/index.php?rest_route=\/wp\/v2\/media\/9555"}],"wp:attachment":[{"href":"https:\/\/www.pokernba.com\/index.php?rest_route=%2Fwp%2Fv2%2Fmedia&parent=9548"}],"wp:term":[{"taxonomy":"product_brand","embeddable":true,"href":"https:\/\/www.pokernba.com\/index.php?rest_route=%2Fwp%2Fv2%2Fproduct_brand&post=9548"},{"taxonomy":"product_cat","embeddable":true,"href":"https:\/\/www.pokernba.com\/index.php?rest_route=%2Fwp%2Fv2%2Fproduct_cat&post=9548"},{"taxonomy":"product_tag","embeddable":true,"href":"https:\/\/www.pokernba.com\/index.php?rest_route=%2Fwp%2Fv2%2Fproduct_tag&post=9548"}],"curies":[{"name":"wp","href":"https:\/\/api.w.org\/{rel}","templated":true}]}}